{"id":2908,"date":"2025-06-16T08:07:05","date_gmt":"2025-06-16T08:07:05","guid":{"rendered":"https:\/\/wavepulse-solutions.com\/?page_id=2908"},"modified":"2025-06-16T08:14:07","modified_gmt":"2025-06-16T08:14:07","slug":"inquiry","status":"publish","type":"page","link":"https:\/\/wavepulse-solutions.com\/vi\/cuoc-dieu-tra\/","title":{"rendered":"Y\u00eau c\u1ea7u d\u1ef1 \u00e1n"},"content":{"rendered":"\t\t<div data-elementor-type=\"wp-page\" data-elementor-id=\"2908\" class=\"elementor elementor-2908\" data-elementor-post-type=\"page\">\n\t\t\t\t<div class=\"elementor-element elementor-element-67514d9 e-flex e-con-boxed e-con e-parent\" data-id=\"67514d9\" data-element_type=\"container\" data-e-type=\"container\" data-settings=\"{&quot;background_background&quot;:&quot;classic&quot;}\">\n\t\t\t\t\t<div class=\"e-con-inner\">\n\t\t\t\t<div class=\"elementor-element elementor-element-97b912b elementor-widget elementor-widget-heading\" data-id=\"97b912b\" data-element_type=\"widget\" data-e-type=\"widget\" data-widget_type=\"heading.default\">\n\t\t\t\t<div class=\"elementor-widget-container\">\n\t\t\t\t\t<h2 class=\"elementor-heading-title elementor-size-default\">Project Inquiry\n<\/h2>\t\t\t\t<\/div>\n\t\t\t\t<\/div>\n\t\t\t\t<div class=\"elementor-element elementor-element-549772a elementor-widget elementor-widget-text-editor\" data-id=\"549772a\" data-element_type=\"widget\" data-e-type=\"widget\" data-widget_type=\"text-editor.default\">\n\t\t\t\t<div class=\"elementor-widget-container\">\n\t\t\t\t\t\t\t\t\t<section class=\"bg-gradient-to-r from-gray-50 to-white py-16\" data-lov-id=\"src\/pages\/Inquiry.tsx:81:6\" data-lov-name=\"section\" data-component-path=\"src\/pages\/Inquiry.tsx\" data-component-line=\"81\" data-component-file=\"Inquiry.tsx\" data-component-name=\"section\" data-component-content=\"%7B%22className%22%3A%22bg-gradient-to-r%20from-gray-50%20to-white%20py-16%22%7D\"><div class=\"max-w-4xl mx-auto px-4 sm:px-6 lg:px-8 text-center\" data-lov-id=\"src\/pages\/Inquiry.tsx:82:8\" data-lov-name=\"div\" data-component-path=\"src\/pages\/Inquiry.tsx\" data-component-line=\"82\" data-component-file=\"Inquiry.tsx\" data-component-name=\"div\" data-component-content=\"%7B%22className%22%3A%22max-w-4xl%20mx-auto%20px-4%20sm%3Apx-6%20lg%3Apx-8%20text-center%22%7D\"><p class=\"text-xl text-gray-600 max-w-3xl mx-auto\" data-lov-id=\"src\/pages\/Inquiry.tsx:86:10\" data-lov-name=\"p\" data-component-path=\"src\/pages\/Inquiry.tsx\" data-component-line=\"86\" data-component-file=\"Inquiry.tsx\" data-component-name=\"p\" data-component-content=\"%7B%22text%22%3A%22Tell%20us%20about%20your%20wastewater%20treatment%20requirements%20and%20our%20engineering%20%5Cn%20%20%20%20%20%20%20%20%20%20%20%20team%20will%20provide%20a%20customized%20solution%20proposal.%22%2C%22className%22%3A%22text-xl%20text-gray-600%20max-w-3xl%20mx-auto%22%7D\">Tell us about your wastewater treatment requirements and our engineering team will provide a customized solution proposal.<\/p><\/div><\/section><section class=\"py-16\" data-lov-id=\"src\/pages\/Inquiry.tsx:94:6\" data-lov-name=\"section\" data-component-path=\"src\/pages\/Inquiry.tsx\" data-component-line=\"94\" data-component-file=\"Inquiry.tsx\" data-component-name=\"section\" data-component-content=\"%7B%22className%22%3A%22py-16%22%7D\"><div class=\"max-w-4xl mx-auto px-4 sm:px-6 lg:px-8\" data-lov-id=\"src\/pages\/Inquiry.tsx:95:8\" data-lov-name=\"div\" data-component-path=\"src\/pages\/Inquiry.tsx\" data-component-line=\"95\" data-component-file=\"Inquiry.tsx\" data-component-name=\"div\" data-component-content=\"%7B%22className%22%3A%22max-w-4xl%20mx-auto%20px-4%20sm%3Apx-6%20lg%3Apx-8%22%7D\"><form class=\"space-y-8\" data-lov-id=\"src\/pages\/Inquiry.tsx:96:10\" data-lov-name=\"form\" data-component-path=\"src\/pages\/Inquiry.tsx\" data-component-line=\"96\" data-component-file=\"Inquiry.tsx\" data-component-name=\"form\" data-component-content=\"%7B%22className%22%3A%22space-y-8%22%7D\"><div class=\"bg-white p-8 rounded-lg technical-shadow\" data-lov-id=\"src\/pages\/Inquiry.tsx:98:12\" data-lov-name=\"div\" data-component-path=\"src\/pages\/Inquiry.tsx\" data-component-line=\"98\" data-component-file=\"Inquiry.tsx\" data-component-name=\"div\" data-component-content=\"%7B%22className%22%3A%22bg-white%20p-8%20rounded-lg%20technical-shadow%22%7D\">\u00a0<\/div><\/form><\/div><\/section>\t\t\t\t\t\t\t\t<\/div>\n\t\t\t\t<\/div>\n\t\t\t\t\t<\/div>\n\t\t\t\t<\/div>\n\t\t<div class=\"elementor-element elementor-element-75596c5 e-flex e-con-boxed e-con e-parent\" data-id=\"75596c5\" data-element_type=\"container\" data-e-type=\"container\">\n\t\t\t\t\t<div class=\"e-con-inner\">\n\t\t\t\t<div class=\"elementor-element elementor-element-732418a elementor-widget elementor-widget-wpforms\" data-id=\"732418a\" data-element_type=\"widget\" data-e-type=\"widget\" data-widget_type=\"wpforms.default\">\n\t\t\t\t<div class=\"elementor-widget-container\">\n\t\t\t\t\t<div class=\"wpforms-container \" id=\"wpforms-2887\"><form id=\"wpforms-form-2887\" class=\"wpforms-validate wpforms-form wpforms-ajax-form\" data-formid=\"2887\" method=\"post\" enctype=\"multipart\/form-data\" action=\"\/vi\/wp-json\/wp\/v2\/pages\/2908\" data-token=\"ee3d8879139dd2b5e8c89eec1cf1621a\" data-token-time=\"1776378743\"><noscript class=\"wpforms-error-noscript\">Vui l\u00f2ng b\u1eadt JavaScript trong tr\u00ecnh duy\u1ec7t c\u1ee7a b\u1ea1n \u0111\u1ec3 ho\u00e0n th\u00e0nh Form n\u00e0y.<\/noscript><div class=\"wpforms-field-container\"><div id=\"wpforms-2887-field_2-container\" class=\"wpforms-field wpforms-field-text\" data-field-id=\"2\"><label class=\"wpforms-field-label\" for=\"wpforms-2887-field_2\">Project Name <span class=\"wpforms-required-label\">*<\/span><\/label><input type=\"text\" id=\"wpforms-2887-field_2\" class=\"wpforms-field-large wpforms-field-required\" name=\"wpforms[fields][2]\" required><\/div>\t\t<div id=\"wpforms-2887-field_4-container\"\n\t\t\tclass=\"wpforms-field wpforms-field-text\"\n\t\t\tdata-field-type=\"text\"\n\t\t\tdata-field-id=\"4\"\n\t\t\t>\n\t\t\t<label class=\"wpforms-field-label\" for=\"wpforms-2887-field_4\" >Application Email Project<\/label>\n\t\t\t<input type=\"text\" id=\"wpforms-2887-field_4\" class=\"wpforms-field-medium\" name=\"wpforms[fields][4]\" >\n\t\t<\/div>\n\t\t<div id=\"wpforms-2887-field_1-container\" class=\"wpforms-field wpforms-field-name\" data-field-id=\"1\"><label class=\"wpforms-field-label\" for=\"wpforms-2887-field_1\">Name <span class=\"wpforms-required-label\">*<\/span><\/label><input type=\"text\" id=\"wpforms-2887-field_1\" class=\"wpforms-field-large wpforms-field-required\" name=\"wpforms[fields][1]\" required><\/div><div id=\"wpforms-2887-field_6-container\" class=\"wpforms-field wpforms-field-email\" data-field-id=\"6\"><label class=\"wpforms-field-label\" for=\"wpforms-2887-field_6\">Email <span class=\"wpforms-required-label\">*<\/span><\/label><input type=\"email\" id=\"wpforms-2887-field_6\" class=\"wpforms-field-large wpforms-field-required\" name=\"wpforms[fields][6]\" spellcheck=\"false\" required><\/div><div id=\"wpforms-2887-field_3-container\" class=\"wpforms-field wpforms-field-select wpforms-field-select-style-classic\" data-field-id=\"3\"><label class=\"wpforms-field-label\" for=\"wpforms-2887-field_3\">Application Type<\/label><select id=\"wpforms-2887-field_3\" class=\"wpforms-field-large\" name=\"wpforms[fields][3]\"><option value=\"\" class=\"placeholder\" disabled  selected='selected'>--- Select Choice ---<\/option><option value=\"Municipal Wastewater\"  class=\"choice-1 depth-1\"  >Municipal Wastewater<\/option><option value=\"Industrial Process\"  class=\"choice-2 depth-1\"  >Industrial Process<\/option><option value=\"MBR Integration\"  class=\"choice-3 depth-1\"  >MBR Integration<\/option><option value=\"Other\"  class=\"choice-6 depth-1\"  >Other<\/option><\/select><\/div><div id=\"wpforms-2887-field_8-container\" class=\"wpforms-field wpforms-field-text\" data-field-id=\"8\"><label class=\"wpforms-field-label\" for=\"wpforms-2887-field_8\">Location <span class=\"wpforms-required-label\">*<\/span><\/label><input type=\"text\" id=\"wpforms-2887-field_8\" class=\"wpforms-field-large wpforms-field-required\" name=\"wpforms[fields][8]\" required><div class=\"wpforms-field-description\">City, Country<\/div><\/div><div id=\"wpforms-2887-field_7-container\" class=\"wpforms-field wpforms-field-textarea\" data-field-id=\"7\"><label class=\"wpforms-field-label\" for=\"wpforms-2887-field_7\">Message\/Requirement<\/label><textarea id=\"wpforms-2887-field_7\" class=\"wpforms-field-medium\" name=\"wpforms[fields][7]\" ><\/textarea><div class=\"wpforms-field-description\">Specifications, requirements, timeline, delivery, etc<\/div><\/div><script>\n\t\t\t\t( function() {\n\t\t\t\t\tconst style = document.createElement( 'style' );\n\t\t\t\t\tstyle.appendChild( document.createTextNode( '#wpforms-2887-field_4-container { position: absolute !important; overflow: hidden !important; display: inline !important; height: 1px !important; width: 1px !important; z-index: -1000 !important; padding: 0 !important; } #wpforms-2887-field_4-container input { visibility: hidden; } #wpforms-conversational-form-page #wpforms-2887-field_4-container label { counter-increment: none; }' ) );\n\t\t\t\t\tdocument.head.appendChild( style );\n\t\t\t\t\tdocument.currentScript?.remove();\n\t\t\t\t} )();\n\t\t\t<\/script><\/div><!-- .wpforms-field-container --><div class=\"wpforms-submit-container\" ><input type=\"hidden\" name=\"wpforms[id]\" value=\"2887\"><input type=\"hidden\" name=\"page_title\" value=\"\"><input type=\"hidden\" name=\"page_url\" value=\"https:\/\/wavepulse-solutions.com\/vi\/wp-json\/wp\/v2\/pages\/2908\"><input type=\"hidden\" name=\"url_referer\" value=\"\"><button type=\"submit\" name=\"wpforms[submit]\" id=\"wpforms-submit-2887\" class=\"wpforms-submit\" data-alt-text=\"Sending...\" data-submit-text=\"Submit Project Details\" aria-live=\"assertive\" value=\"wpforms-submit\">Submit Project Details<\/button><img decoding=\"async\" src=\"https:\/\/wavepulse-solutions.com\/wp-content\/plugins\/wpforms-lite\/assets\/images\/submit-spin.svg\" class=\"wpforms-submit-spinner\" style=\"display: none;\" width=\"26\" height=\"26\" alt=\"\u0110ang t\u1ea3i\"><\/div><\/form><\/div>  <!-- .wpforms-container -->\t\t\t\t<\/div>\n\t\t\t\t<\/div>\n\t\t\t\t\t<\/div>\n\t\t\t\t<\/div>\n\t\t\t\t<\/div>\n\t\t","protected":false},"excerpt":{"rendered":"<p>Project Inquiry Tell us about your wastewater treatment requirements and our engineering team will provide a customized solution proposal. \u00a0 [&hellip;]<\/p>\n","protected":false},"author":1,"featured_media":0,"parent":0,"menu_order":0,"comment_status":"closed","ping_status":"closed","template":"","meta":{"_acf_changed":false,"site-sidebar-layout":"no-sidebar","site-content-layout":"page-builder","ast-site-content-layout":"full-width-container","site-content-style":"default","site-sidebar-style":"default","ast-global-header-display":"","ast-banner-title-visibility":"","ast-main-header-display":"","ast-hfb-above-header-display":"","ast-hfb-below-header-display":"","ast-hfb-mobile-header-display":"","site-post-title":"disabled","ast-breadcrumbs-content":"","ast-featured-img":"disabled","footer-sml-layout":"","ast-disable-related-posts":"","theme-transparent-header-meta":"","adv-header-id-meta":"","stick-header-meta":"","header-above-stick-meta":"","header-main-stick-meta":"","header-below-stick-meta":"","astra-migrate-meta-layouts":"set","ast-page-background-enabled":"default","ast-page-background-meta":{"desktop":{"background-color":"var(--ast-global-color-4)","background-image":"","background-repeat":"repeat","background-position":"center center","background-size":"auto","background-attachment":"scroll","background-type":"","background-media":"","overlay-type":"","overlay-color":"","overlay-opacity":"","overlay-gradient":""},"tablet":{"background-color":"","background-image":"","background-repeat":"repeat","background-position":"center center","background-size":"auto","background-attachment":"scroll","background-type":"","background-media":"","overlay-type":"","overlay-color":"","overlay-opacity":"","overlay-gradient":""},"mobile":{"background-color":"","background-image":"","background-repeat":"repeat","background-position":"center center","background-size":"auto","background-attachment":"scroll","background-type":"","background-media":"","overlay-type":"","overlay-color":"","overlay-opacity":"","overlay-gradient":""}},"ast-content-background-meta":{"desktop":{"background-color":"var(--ast-global-color-5)","background-image":"","background-repeat":"repeat","background-position":"center center","background-size":"auto","background-attachment":"scroll","background-type":"","background-media":"","overlay-type":"","overlay-color":"","overlay-opacity":"","overlay-gradient":""},"tablet":{"background-color":"var(--ast-global-color-5)","background-image":"","background-repeat":"repeat","background-position":"center center","background-size":"auto","background-attachment":"scroll","background-type":"","background-media":"","overlay-type":"","overlay-color":"","overlay-opacity":"","overlay-gradient":""},"mobile":{"background-color":"var(--ast-global-color-5)","background-image":"","background-repeat":"repeat","background-position":"center center","background-size":"auto","background-attachment":"scroll","background-type":"","background-media":"","overlay-type":"","overlay-color":"","overlay-opacity":"","overlay-gradient":""}},"footnotes":""},"class_list":["post-2908","page","type-page","status-publish","hentry"],"acf":[],"_links":{"self":[{"href":"https:\/\/wavepulse-solutions.com\/vi\/wp-json\/wp\/v2\/pages\/2908","targetHints":{"allow":["GET"]}}],"collection":[{"href":"https:\/\/wavepulse-solutions.com\/vi\/wp-json\/wp\/v2\/pages"}],"about":[{"href":"https:\/\/wavepulse-solutions.com\/vi\/wp-json\/wp\/v2\/types\/page"}],"author":[{"embeddable":true,"href":"https:\/\/wavepulse-solutions.com\/vi\/wp-json\/wp\/v2\/users\/1"}],"replies":[{"embeddable":true,"href":"https:\/\/wavepulse-solutions.com\/vi\/wp-json\/wp\/v2\/comments?post=2908"}],"version-history":[{"count":10,"href":"https:\/\/wavepulse-solutions.com\/vi\/wp-json\/wp\/v2\/pages\/2908\/revisions"}],"predecessor-version":[{"id":2918,"href":"https:\/\/wavepulse-solutions.com\/vi\/wp-json\/wp\/v2\/pages\/2908\/revisions\/2918"}],"wp:attachment":[{"href":"https:\/\/wavepulse-solutions.com\/vi\/wp-json\/wp\/v2\/media?parent=2908"}],"curies":[{"name":"wp","href":"https:\/\/api.w.org\/{rel}","templated":true}]}}